{"id":22,"date":"2024-11-18T22:31:31","date_gmt":"2024-11-19T01:31:31","guid":{"rendered":"https:\/\/trenkehue.com.ar\/?page_id=22"},"modified":"2026-03-21T12:07:55","modified_gmt":"2026-03-21T15:07:55","slug":"post-grados-y-seminarios-avanzados","status":"publish","type":"page","link":"https:\/\/trenkehue.com.ar\/index.php\/post-grados-y-seminarios-avanzados\/","title":{"rendered":"Post-Grados y Seminarios Avanzados"},"content":{"rendered":"\t\t<div data-elementor-type=\"wp-page\" data-elementor-id=\"22\" class=\"elementor elementor-22\">\n\t\t\t\t<div class=\"elementor-element elementor-element-5d2f352 e-con-full sa-backdrop-filter-yes e-flex e-con e-parent\" data-id=\"5d2f352\" data-element_type=\"container\" data-e-type=\"container\" data-settings=\"{&quot;sa_agbg_enable&quot;:&quot;yes&quot;,&quot;sa_agbg_color_list&quot;:[{&quot;sa_agbg_start_color&quot;:&quot;#8441A4&quot;,&quot;sa_agbg_end_color&quot;:&quot;#E0528D&quot;,&quot;_id&quot;:&quot;d233b06&quot;},{&quot;sa_agbg_start_color&quot;:&quot;#00F260&quot;,&quot;sa_agbg_end_color&quot;:&quot;#0575E6&quot;,&quot;_id&quot;:&quot;f0914dd&quot;},{&quot;sa_agbg_start_color&quot;:&quot;#e1eec3&quot;,&quot;sa_agbg_end_color&quot;:&quot;#f05053&quot;,&quot;_id&quot;:&quot;43c3c6c&quot;}],&quot;sa_rf_enable&quot;:&quot;yes&quot;,&quot;sa_agbg_transition_speed&quot;:{&quot;unit&quot;:&quot;px&quot;,&quot;size&quot;:&quot;&quot;,&quot;sizes&quot;:[]},&quot;sa_rf_drop_radius&quot;:{&quot;unit&quot;:&quot;px&quot;,&quot;size&quot;:&quot;&quot;,&quot;sizes&quot;:[]},&quot;sa_rf_perturbance&quot;:{&quot;unit&quot;:&quot;px&quot;,&quot;size&quot;:&quot;&quot;,&quot;sizes&quot;:[]}}\">\n\t\t\t\t<div class=\"elementor-element elementor-element-f68de57 elementor-widget elementor-widget-heading\" data-id=\"f68de57\" data-element_type=\"widget\" data-e-type=\"widget\" data-widget_type=\"heading.default\">\n\t\t\t\t<div class=\"elementor-widget-container\">\n\t\t\t\t\t<h2 class=\"elementor-heading-title elementor-size-default\">Post-Grado en Mitolog\u00eda<\/h2>\t\t\t\t<\/div>\n\t\t\t\t<\/div>\n\t\t\t\t<\/div>\n\t\t<div class=\"elementor-element elementor-element-2bbea72 e-flex e-con-boxed e-con e-parent\" data-id=\"2bbea72\" data-element_type=\"container\" data-e-type=\"container\">\n\t\t\t\t\t<div class=\"e-con-inner\">\n\t\t\t\t<div class=\"elementor-element elementor-element-7373c1f elementor-widget elementor-widget-text-editor\" data-id=\"7373c1f\" data-element_type=\"widget\" data-e-type=\"widget\" data-widget_type=\"text-editor.default\">\n\t\t\t\t<div class=\"elementor-widget-container\">\n\t\t\t\t\t\t\t\t\t<p><span style=\"font-size: medium;\"><span lang=\"es-ES\"><i>En nuestro Postgrado en Mitolog\u00eda abordamos los mitos desde una perspectiva interpretativa para arribar a su significado existencial en tanto s\u00edmbolo. Cada a\u00f1o traemos una propuesta distinta, de un encuentro mensual de tres horas cada uno. Trabajamos con fuentes literarias y art\u00edsticas y materiales te\u00f3ricos de nuestra editorial.<\/i><\/span><\/span><\/p>\t\t\t\t\t\t\t\t<\/div>\n\t\t\t\t<\/div>\n\t\t\t\t\t<\/div>\n\t\t\t\t<\/div>\n\t\t<div class=\"elementor-element elementor-element-c375012 e-flex e-con-boxed e-con e-parent\" data-id=\"c375012\" data-element_type=\"container\" data-e-type=\"container\">\n\t\t\t\t\t<div class=\"e-con-inner\">\n\t\t\t\t<div class=\"elementor-element elementor-element-b86d5a7 elementor-widget elementor-widget-html\" data-id=\"b86d5a7\" data-element_type=\"widget\" data-e-type=\"widget\" data-widget_type=\"html.default\">\n\t\t\t\t<div class=\"elementor-widget-container\">\n\t\t\t\t\t<style>\r\n    .product-header {\r\n        display: flex;\r\n        flex-wrap: wrap;\r\n        background: #fff;\r\n        padding: 20px;\r\n        border-radius: 8px;\r\n        box-shadow: 0 2px 4px rgba(0, 0, 0, 0.1);\r\n        margin-bottom: 20px;\r\n    }\r\n    .product-header img {\r\n        max-width: 100%;\r\n        border-radius: 8px;\r\n    }\r\n    .product-details {\r\n        flex: 1;\r\n        padding: 0 20px;\r\n    }\r\n    .product-details h1 {\r\n        font-size: 24px;\r\n        margin: 0 0 10px;\r\n    }\r\n    .product-details p {\r\n        margin: 10px 0;\r\n        color: #555;\r\n    }\r\n    .product-details .price {\r\n        font-size: 24px;\r\n        color: #007b00;\r\n        font-weight: bold;\r\n        margin: 15px 0;\r\n    }\r\n    .button-container {\r\n        display: flex;\r\n        gap: 15px;\r\n        margin-top: 20px;\r\n    }\r\n    .custom-button {\r\n        display: flex;\r\n        align-items: center;\r\n        justify-content: center;\r\n        gap: 10px;\r\n        padding: 10px 20px;\r\n        font-size: 16px;\r\n        font-weight: bold;\r\n        text-transform: uppercase;\r\n        text-decoration: none;\r\n        border-radius: 4px;\r\n        cursor: pointer;\r\n        color: white;\r\n    }\r\n    .custom-button.green {\r\n        background: #007b00;\r\n    }\r\n    .custom-button.green:hover {\r\n        background: #005a00;\r\n    }\r\n    .custom-button.blue {\r\n        background: #0056b3;\r\n    }\r\n    .custom-button.blue:hover {\r\n        background: #003f8c;\r\n    }\r\n    .custom-button i {\r\n        font-size: 18px;\r\n    }\r\n<\/style>\r\n\r\n<div class=\"product-header\">\r\n    <img decoding=\"async\" src=\"https:\/\/trenkehue.com.ar\/wp-content\/uploads\/2024\/12\/caratula-postgrado-mitologia-escalado.png\" alt=\"Postgrado en Mitolog\u00eda\">\r\n    <div class=\"product-details\">\r\n        <h1>Postgrado en Mitolog\u00eda <\/h1>\r\n        <p><strong>Tema:<\/strong> \"Interpretaci\u00f3n Simb\u00f3lica de La Odisea: Una exploraci\u00f3n de la mente humana.\".<\/p>\r\n        <p><strong>Modalidad:<\/strong> Las clases ser\u00e1n los cuartos s\u00e1bados desde el 28 de marzo al 28 de noviembre, por lo que la cursada consiste en 9 encuentros de 3 horas cada uno, de 9:45 a 12:45 h por Google Meet. Las clases quedan grabadas.<\/p>\r\n        <p><strong>Objetivo:<\/strong> Abordamos La Odisea, de Homero, a trav\u00e9s del m\u00e9todo de Interpretaci\u00f3n Simb\u00f3lica.<\/p>\r\n        <div class=\"price\">$22.500 c\/encuentro<\/div>\r\n        <div class=\"button-container\">\r\n            <!-- Bot\u00f3n de inscripci\u00f3n mensual -->\r\n            <a href=\"https:\/\/mpago.la\/19pNUVc\" class=\"custom-button green\">\r\n                <i class=\"fas fa-calendar-alt\"><\/i> Inscribirme\r\n            <\/a>\r\n            \r\n        <\/div>\r\n    <\/div>\r\n<\/div>\r\n\r\n<script src=\"https:\/\/kit.fontawesome.com\/a076d05399.js\" crossorigin=\"anonymous\"><\/script>\r\n\t\t\t\t<\/div>\n\t\t\t\t<\/div>\n\t\t\t\t\t<\/div>\n\t\t\t\t<\/div>\n\t\t<div class=\"elementor-element elementor-element-3104f73 e-flex e-con-boxed e-con e-parent\" data-id=\"3104f73\" data-element_type=\"container\" data-e-type=\"container\">\n\t\t\t\t\t<div class=\"e-con-inner\">\n\t\t\t\t<div class=\"elementor-element elementor-element-56cfce7 elementor-widget elementor-widget-html\" data-id=\"56cfce7\" data-element_type=\"widget\" data-e-type=\"widget\" data-widget_type=\"html.default\">\n\t\t\t\t<div class=\"elementor-widget-container\">\n\t\t\t\t\t<!-- Secci\u00f3n de Cabecera \"El lado femenino del Zod\u00edaco a trav\u00e9s de la Mitolog\u00eda griega\" -->\r\n<div style=\"background-color: #f4f0e6; padding: 40px; border-radius: 10px; max-width: 1600px; margin: auto; text-align: center; box-shadow: 0px 4px 12px rgba(0, 0, 0, 0.1);\">\r\n    <!-- T\u00edtulo principal -->\r\n    <h1 style=\"font-family: 'Georgia', serif; color: #3e3c3a; font-size: 2.5em; display: flex; justify-content: center; align-items: center;\">\r\n        <span style=\"margin-right: 10px; font-size: 1.2em; color: #b48a78;\">\r\n            <i class=\"fas fa-venus\"><\/i>\r\n        <\/span>\r\n        El lado femenino del Zod\u00edaco a trav\u00e9s de la Mitolog\u00eda griega\r\n    <\/h1>\r\n    \r\n    <!-- Subt\u00edtulo de la propuesta -->\r\n    <p style=\"font-size: 1.2em; color: #6b665f; margin-top: 10px; font-family: 'Arial', sans-serif;\">\r\n        Propuesta, programa y bibliograf\u00eda\r\n    <\/p>\r\n\r\n    <!-- Autores -->\r\n    <p style=\"font-size: 1em; color: #a2958c; font-weight: bold; font-family: 'Arial', sans-serif; margin-top: 20px;\">\r\n        Por Luciana Mart\u00edn y Jorge Bosia\r\n    <\/p>\r\n    \r\n    <!-- Iconos representativos debajo del texto -->\r\n    <div style=\"margin-top: 25px; display: flex; justify-content: center; gap: 30px; color: #b48a78;\">\r\n        <span style=\"font-size: 2em;\">\r\n            <i class=\"fas fa-book-open\"><\/i>\r\n        <\/span>\r\n        <span style=\"font-size: 2em;\">\r\n            <i class=\"fas fa-scroll\"><\/i>\r\n        <\/span>\r\n        <span style=\"font-size: 2em;\">\r\n            <i class=\"fas fa-star\"><\/i>\r\n        <\/span>\r\n    <\/div>\r\n<\/div>\r\n\t\t\t\t<\/div>\n\t\t\t\t<\/div>\n\t\t\t\t\t<\/div>\n\t\t\t\t<\/div>\n\t\t<div class=\"elementor-element elementor-element-cb44267 e-flex e-con-boxed e-con e-parent\" data-id=\"cb44267\" data-element_type=\"container\" data-e-type=\"container\">\n\t\t\t\t\t<div class=\"e-con-inner\">\n\t\t\t\t<div class=\"elementor-element elementor-element-26b4dc9 elementor-widget elementor-widget-html\" data-id=\"26b4dc9\" data-element_type=\"widget\" data-e-type=\"widget\" data-widget_type=\"html.default\">\n\t\t\t\t<div class=\"elementor-widget-container\">\n\t\t\t\t\t<div style=\"font-family: 'Arial', sans-serif; line-height: 1.6; color: #3e3c3a; max-width: 800px; margin: auto;\">\r\n    <!-- T\u00edtulo de la secci\u00f3n -->\r\n    <h2 style=\"font-size: 2em; color: #b48a78; font-weight: bold; text-align: center; margin-bottom: 20px;\">\r\n        El Lado Femenino del Zod\u00edaco y su Conexi\u00f3n con la Mitolog\u00eda Griega\r\n    <\/h2>\r\n\r\n    <!-- Primer p\u00e1rrafo con \u00e9nfasis en palabras clave -->\r\n    <p>\r\n        Cada <strong>Signo zodiacal<\/strong> est\u00e1 regido por un <strong>planeta af\u00edn<\/strong>, cuyo significado proviene de un <strong>dios griego<\/strong> espec\u00edfico. \r\n        As\u00ed, <strong>zod\u00edaco y mitolog\u00eda<\/strong> est\u00e1n \u00edntimamente conectados. Sin embargo, en los relatos m\u00edticos, estos <em>dioses varones<\/em> ten\u00edan \r\n        como compa\u00f1eras a <strong>diosas<\/strong>, que sol\u00edan ser sus hermanas y con las cuales actuaban en unidad. Hoy en d\u00eda, estas figuras \r\n        <strong>femeninas<\/strong> han sido eliminadas de las regencias, borrando aspectos cruciales de cada <strong>Signo<\/strong>.\r\n    <\/p>\r\n\r\n    <!-- P\u00e1rrafo sobre la cultura y rol social de las diosas -->\r\n    <p>\r\n        Esta <strong>invisibilizaci\u00f3n de roles femeninos<\/strong> es un componente central de la <strong>cultura machista<\/strong>, vigente desde la \r\n        <em>Era de Aries<\/em>, pasando por la <em>Era de Piscis<\/em>, y a\u00fan presente en los inicios de la <em>Era de Acuario<\/em>. En las \u00faltimas d\u00e9cadas, \r\n        se ha intentado <strong>restaurar el papel de las diosas<\/strong> mediante la incorporaci\u00f3n de <strong>asteroides<\/strong> o figuras m\u00edticas de otras \r\n        tradiciones, como <strong>Lilith<\/strong> en la tradici\u00f3n hebrea.\r\n    <\/p>\r\n\r\n    <!-- Argumentaci\u00f3n de Proyecto Trenkehu\u00e9 sobre la restauraci\u00f3n de diosas -->\r\n    <p>\r\n        En <strong>Proyecto Trenkehu\u00e9<\/strong>, valoramos estas iniciativas, aunque no las consideramos totalmente acertadas. Cada sistema de mitos tiene su \r\n        propia coherencia y sentido; por tanto, extraer un elemento para incorporarlo en otro sistema puede resultar en una interpretaci\u00f3n imprecisa. \r\n        Adem\u00e1s, creemos que <strong>los asteroides representan capacidades ps\u00edquicas<\/strong> ya reflejadas en los <strong>planetas regentes<\/strong>, lo cual \r\n        vuelve redundante su inclusi\u00f3n. Las diosas, tanto hermanas como esposas de los dioses, ten\u00edan un rol fundamental y eran concebidas como parte integral \r\n        del sistema, aportando aspectos esenciales a cada <strong>Signo zodiacal<\/strong>.\r\n    <\/p>\r\n\r\n    <!-- Descripci\u00f3n del Postgrado y beneficios para el estudiante -->\r\n    <p>\r\n        A lo largo de este <strong>Postgrado<\/strong>, podr\u00e1s explorar los <strong>aspectos fundamentales y silenciados de cada Planeta y Signo<\/strong>, \r\n        adquiriendo un entendimiento profundo que enriquecer\u00e1 tus habilidades en la <strong>interpretaci\u00f3n de cartas natales<\/strong>. Esta nueva perspectiva \r\n        brindar\u00e1 a tus <strong>consultantes<\/strong> una orientaci\u00f3n m\u00e1s completa y profesional, ayud\u00e1ndote a destacar en el \u00e1mbito de la \r\n        <strong>astrolog\u00eda profesional<\/strong>.\r\n    <\/p>\r\n\r\n    <!-- Informaci\u00f3n sobre el programa del Postgrado -->\r\n    <p>\r\n        El Postgrado incluye <strong>once encuentros mensuales<\/strong> a partir de <strong>febrero de 2025<\/strong>, en los que se explorar\u00e1n los \r\n        <strong>doce Signos zodiacales<\/strong> y sus <strong>regentes femeninas<\/strong>. Las clases quedar\u00e1n grabadas, permitiendo a los participantes \r\n        revisarlas en su propio tiempo. <strong>Te invitamos a unirte<\/strong> a este camino de conocimiento y crecimiento en la sabidur\u00eda del zod\u00edaco.\r\n    <\/p>\r\n<\/div>\r\n\t\t\t\t<\/div>\n\t\t\t\t<\/div>\n\t\t\t\t\t<\/div>\n\t\t\t\t<\/div>\n\t\t<div class=\"elementor-element elementor-element-ae6ec33 e-flex e-con-boxed e-con e-parent\" data-id=\"ae6ec33\" data-element_type=\"container\" data-e-type=\"container\">\n\t\t\t\t\t<div class=\"e-con-inner\">\n\t\t\t\t<div class=\"elementor-element elementor-element-f4a0489 elementor-widget elementor-widget-html\" data-id=\"f4a0489\" data-element_type=\"widget\" data-e-type=\"widget\" data-widget_type=\"html.default\">\n\t\t\t\t<div class=\"elementor-widget-container\">\n\t\t\t\t\t<section class=\"programa-seccion\">\r\n  <h2><i class=\"fas fa-calendar-alt\"><\/i> Programa de Encuentros 2025<\/h2>\r\n  <p>Los encuentros se desarrollar\u00e1n el <strong>4\u00ba s\u00e1bado de cada mes<\/strong>, salvo diciembre, que ser\u00e1 el <strong>20\/12<\/strong>, de 9:45 a 12:45.<\/p>\r\n\r\n  <!-- Encuentros -->\r\n  <div class=\"encuentro\">\r\n    <h3><i class=\"fas fa-star\"><\/i> 1\u00b0 Encuentro \u2013 S\u00e1bado 22\/03\/25<\/h3>\r\n    <p><strong>Aries y Tauro:<\/strong> Los principios fundamentales del Zod\u00edaco.<br>\r\n    <i class=\"fas fa-leaf\"><\/i> Ares y sus hermanas Hebe e Ilit\u00eda.<br>\r\n    <i class=\"fas fa-heart\"><\/i> Afrodita: nacimiento, rasgos, matrimonio con Hefesto. Relaci\u00f3n con Ares, v\u00ednculos, hijos y episodios destacados.<\/p>\r\n  <\/div>\r\n\r\n  <div class=\"encuentro\">\r\n    <h3><i class=\"fas fa-star\"><\/i> 2\u00b0 Encuentro \u2013 S\u00e1bado 26\/04\/25<\/h3>\r\n    <p><strong>G\u00e9minis:<\/strong> El mito de Hermafrodito. Amores de Hermes.<br>\r\n    <strong>C\u00e1ncer:<\/strong> Hestia en la vida griega. El mito de Selene y Endimi\u00f3n. H\u00e9cate, diosa de las encrucijadas.<\/p>\r\n  <\/div>\r\n\r\n  <div class=\"encuentro\">\r\n    <h3><i class=\"fas fa-star\"><\/i> 3\u00b0 Encuentro \u2013 S\u00e1bado 24\/05\/25<\/h3>\r\n    <p><strong>Leo:<\/strong> \u00c1rtemis, hermana gemela de Apolo. Nacimiento, rasgos y episodios destacados.<\/p>\r\n  <\/div>\r\n\r\n  <div class=\"encuentro\">\r\n    <h3><i class=\"fas fa-star\"><\/i> 4\u00b0 Encuentro \u2013 S\u00e1bado 28\/06\/25<\/h3>\r\n    <p><strong>Virgo:<\/strong> Dem\u00e9ter y su hija Pers\u00e9fone. Econom\u00eda, ecolog\u00eda y evoluci\u00f3n humana. Atenea como puente entre Virgo y Libra.<\/p>\r\n  <\/div>\r\n\r\n  <div class=\"encuentro\">\r\n    <h3><i class=\"fas fa-star\"><\/i> 5\u00b0 Encuentro \u2013 S\u00e1bado 26\/07\/25<\/h3>\r\n    <p><strong>Libra:<\/strong> Eris y su transfiguraci\u00f3n. Themis. Atenea y el Paladio. El rol de Hera.<\/p>\r\n  <\/div>\r\n\r\n  <div class=\"encuentro\">\r\n    <h3><i class=\"fas fa-star\"><\/i> 6\u00b0 Encuentro \u2013 S\u00e1bado 23\/08\/25<\/h3>\r\n    <p><strong>Escorpio:<\/strong> Metanoia de Cor\u00e9 en Pers\u00e9fone. V\u00ednculo con Hades (Plut\u00f3n).<\/p>\r\n  <\/div>\r\n\r\n  <div class=\"encuentro\">\r\n    <h3><i class=\"fas fa-star\"><\/i> 7\u00b0 Encuentro \u2013 S\u00e1bado 27\/09\/25<\/h3>\r\n    <p><strong>Sagitario:<\/strong> Hera. Significado de los celos en el v\u00ednculo con Zeus. Episodios destacados.<\/p>\r\n  <\/div>\r\n\r\n  <div class=\"encuentro\">\r\n    <h3><i class=\"fas fa-star\"><\/i> 8\u00b0 Encuentro \u2013 S\u00e1bado 25\/10\/25<\/h3>\r\n    <p><strong>Capricornio:<\/strong> Rhea, la madre de la evoluci\u00f3n. Episodios destacados. Distinci\u00f3n entre \u00abphysis\u00bb y \u00abnaturaleza\u00bb.<\/p>\r\n  <\/div>\r\n\r\n  <div class=\"encuentro\">\r\n    <h3><i class=\"fas fa-star\"><\/i> 9\u00b0 Encuentro \u2013 S\u00e1bado 22\/11\/25<\/h3>\r\n    <p><strong>Acuario:<\/strong> Gea, madre de los dioses y co-regente de Acuario.<\/p>\r\n  <\/div>\r\n\r\n  <div class=\"encuentro\">\r\n    <h3><i class=\"fas fa-star\"><\/i> 10\u00b0 Encuentro \u2013 S\u00e1bado 20\/12\/25<\/h3>\r\n    <p><strong>Piscis:<\/strong> Anfitrite y su v\u00ednculo con Poseid\u00f3n. Las Nereidas.<\/p>\r\n  <\/div>\r\n\r\n  <!-- Materiales de trabajo -->\r\n  <div class=\"materiales\">\r\n    <p><i class=\"fas fa-book\"><\/i> <strong>Materiales de trabajo:<\/strong> Se enviar\u00e1n previamente a cada encuentro.<\/p>\r\n  <\/div>\r\n<\/section>\r\n\r\n<!-- CSS -->\r\n<style>\r\n  .programa-seccion {\r\n    background-color: #f9f9f9;\r\n    padding: 20px;\r\n    border-radius: 8px;\r\n    box-shadow: 0 4px 12px rgba(0, 0, 0, 0.1);\r\n  }\r\n\r\n  .programa-seccion h2 {\r\n    color: #2c3e50;\r\n    font-size: 24px;\r\n    margin-bottom: 10px;\r\n  }\r\n\r\n  .programa-seccion p {\r\n    font-size: 16px;\r\n    line-height: 1.6;\r\n    color: #34495e;\r\n  }\r\n\r\n  .encuentro {\r\n    background-color: #ffffff;\r\n    padding: 15px;\r\n    margin: 10px 0;\r\n    border-left: 5px solid #3498db;\r\n    border-radius: 5px;\r\n  }\r\n\r\n  .encuentro h3 {\r\n    color: #2980b9;\r\n    font-size: 20px;\r\n  }\r\n\r\n  .encuentro p {\r\n    color: #7f8c8d;\r\n  }\r\n\r\n  .materiales {\r\n    background-color: #eaf2f8;\r\n    padding: 10px;\r\n    margin-top: 20px;\r\n    border-left: 5px solid #3498db;\r\n    border-radius: 5px;\r\n  }\r\n\r\n  .materiales p {\r\n    color: #34495e;\r\n    font-size: 16px;\r\n  }\r\n\r\n  i {\r\n    margin-right: 8px;\r\n  }\r\n<\/style>\r\n\t\t\t\t<\/div>\n\t\t\t\t<\/div>\n\t\t\t\t\t<\/div>\n\t\t\t\t<\/div>\n\t\t<div class=\"elementor-element elementor-element-3ec2a19 e-flex e-con-boxed e-con e-parent\" data-id=\"3ec2a19\" data-element_type=\"container\" data-e-type=\"container\">\n\t\t\t\t\t<div class=\"e-con-inner\">\n\t\t\t\t<div class=\"elementor-element elementor-element-8f10cda elementor-widget elementor-widget-html\" data-id=\"8f10cda\" data-element_type=\"widget\" data-e-type=\"widget\" data-widget_type=\"html.default\">\n\t\t\t\t<div class=\"elementor-widget-container\">\n\t\t\t\t\t<div class=\"contact-info\">\r\n            <h2>Contacto<\/h2>\r\n            <p>Email: <a href=\"mailto:info@trenkehue.com.ar\">info@trenkehue.com.ar<\/a><\/p>\r\n            <p>Tel\u00e9fono: <a href=\"tel:+541127966393\">(+54) 11 2796 6393\r\n<\/a><\/p>\r\n        <\/div>\t\t\t\t<\/div>\n\t\t\t\t<\/div>\n\t\t\t\t\t<\/div>\n\t\t\t\t<\/div>\n\t\t\t\t<\/div>\n\t\t","protected":false},"excerpt":{"rendered":"<p>Post-Grado en Mitolog\u00eda En nuestro Postgrado en Mitolog\u00eda abordamos los mitos desde una perspectiva interpretativa para arribar a su significado existencial en tanto s\u00edmbolo. Cada a\u00f1o traemos una propuesta distinta, de un encuentro mensual de tres horas cada uno. Trabajamos con fuentes literarias y art\u00edsticas y materiales te\u00f3ricos de nuestra editorial. Postgrado en Mitolog\u00eda Tema: [&hellip;]<\/p>\n","protected":false},"author":1,"featured_media":0,"parent":0,"menu_order":0,"comment_status":"closed","ping_status":"closed","template":"elementor_header_footer","meta":{"_joinchat":[],"footnotes":""},"class_list":["post-22","page","type-page","status-publish","hentry"],"_links":{"self":[{"href":"https:\/\/trenkehue.com.ar\/index.php\/wp-json\/wp\/v2\/pages\/22","targetHints":{"allow":["GET"]}}],"collection":[{"href":"https:\/\/trenkehue.com.ar\/index.php\/wp-json\/wp\/v2\/pages"}],"about":[{"href":"https:\/\/trenkehue.com.ar\/index.php\/wp-json\/wp\/v2\/types\/page"}],"author":[{"embeddable":true,"href":"https:\/\/trenkehue.com.ar\/index.php\/wp-json\/wp\/v2\/users\/1"}],"replies":[{"embeddable":true,"href":"https:\/\/trenkehue.com.ar\/index.php\/wp-json\/wp\/v2\/comments?post=22"}],"version-history":[{"count":46,"href":"https:\/\/trenkehue.com.ar\/index.php\/wp-json\/wp\/v2\/pages\/22\/revisions"}],"predecessor-version":[{"id":445,"href":"https:\/\/trenkehue.com.ar\/index.php\/wp-json\/wp\/v2\/pages\/22\/revisions\/445"}],"wp:attachment":[{"href":"https:\/\/trenkehue.com.ar\/index.php\/wp-json\/wp\/v2\/media?parent=22"}],"curies":[{"name":"wp","href":"https:\/\/api.w.org\/{rel}","templated":true}]}}