{"id":14,"date":"2024-11-18T22:30:53","date_gmt":"2024-11-19T01:30:53","guid":{"rendered":"https:\/\/trenkehue.com.ar\/?page_id=14"},"modified":"2026-03-21T11:43:42","modified_gmt":"2026-03-21T14:43:42","slug":"quienes-somos","status":"publish","type":"page","link":"https:\/\/trenkehue.com.ar\/index.php\/quienes-somos\/","title":{"rendered":"Quienes Somos"},"content":{"rendered":"\t\t<div data-elementor-type=\"wp-page\" data-elementor-id=\"14\" class=\"elementor elementor-14\">\n\t\t\t\t<div class=\"elementor-element elementor-element-bd528d8 e-con-full sa-backdrop-filter-yes e-flex e-con e-parent\" data-id=\"bd528d8\" data-element_type=\"container\" data-e-type=\"container\" data-settings=\"{&quot;sa_agbg_enable&quot;:&quot;yes&quot;,&quot;sa_agbg_color_list&quot;:[{&quot;sa_agbg_start_color&quot;:&quot;#8441A4&quot;,&quot;sa_agbg_end_color&quot;:&quot;#E0528D&quot;,&quot;_id&quot;:&quot;d233b06&quot;},{&quot;sa_agbg_start_color&quot;:&quot;#00F260&quot;,&quot;sa_agbg_end_color&quot;:&quot;#0575E6&quot;,&quot;_id&quot;:&quot;f0914dd&quot;},{&quot;sa_agbg_start_color&quot;:&quot;#e1eec3&quot;,&quot;sa_agbg_end_color&quot;:&quot;#f05053&quot;,&quot;_id&quot;:&quot;43c3c6c&quot;}],&quot;sa_rf_enable&quot;:&quot;yes&quot;,&quot;sa_agbg_transition_speed&quot;:{&quot;unit&quot;:&quot;px&quot;,&quot;size&quot;:&quot;&quot;,&quot;sizes&quot;:[]},&quot;sa_rf_drop_radius&quot;:{&quot;unit&quot;:&quot;px&quot;,&quot;size&quot;:&quot;&quot;,&quot;sizes&quot;:[]},&quot;sa_rf_perturbance&quot;:{&quot;unit&quot;:&quot;px&quot;,&quot;size&quot;:&quot;&quot;,&quot;sizes&quot;:[]}}\">\n\t\t\t\t<div class=\"elementor-element elementor-element-361e096 elementor-widget elementor-widget-heading\" data-id=\"361e096\" data-element_type=\"widget\" data-e-type=\"widget\" data-widget_type=\"heading.default\">\n\t\t\t\t<div class=\"elementor-widget-container\">\n\t\t\t\t\t<h2 class=\"elementor-heading-title elementor-size-default\">Nuestro Equipo<\/h2>\t\t\t\t<\/div>\n\t\t\t\t<\/div>\n\t\t\t\t<\/div>\n\t\t<div class=\"elementor-element elementor-element-472de8c e-flex e-con-boxed e-con e-parent\" data-id=\"472de8c\" data-element_type=\"container\" data-e-type=\"container\">\n\t\t\t\t\t<div class=\"e-con-inner\">\n\t\t<div class=\"elementor-element elementor-element-d6b852e e-con-full e-flex e-con e-child\" data-id=\"d6b852e\" data-element_type=\"container\" data-e-type=\"container\">\n\t\t\t\t<div class=\"elementor-element elementor-element-a9b05b9 elementor-widget elementor-widget-team-noxiy\" data-id=\"a9b05b9\" data-element_type=\"widget\" data-e-type=\"widget\" data-widget_type=\"team-noxiy.default\">\n\t\t\t\t<div class=\"elementor-widget-container\">\n\t\t\t\t\t        \r\n        \r\n\t\t\t<div class=\"team__two-item\">\r\n\t\t\t\t<div class=\"team__two-item-image\">\r\n                    <img decoding=\"async\" src=\"https:\/\/trenkehue.com.ar\/wp-content\/uploads\/2024\/11\/jorgebossia.webp\" alt=\"No alt text\" \/>\t\t\t\t\t<div class=\"team__two-item-image-icon\">\r\n                                            <\/div>\r\n\t\t\t\t<\/div>\r\n\t\t\t\t<div class=\"team__two-item-content\">\r\n\t\t\t\t\t<span>Profesor de Filosof\u00eda (UBA), Astr\u00f3logo, Ensayista, Investigador en Astrolog\u00eda y Mitolog\u00eda.<\/span>\r\n\t\t\t\t\t                        <h4><a href=\"\/amelia-clover\">Jorge Emilio Bosia<\/a><\/h4>\r\n                    \t\r\n\t\t\t\t<\/div>\r\n\t\t\t<\/div>\r\n\r\n        \r\n        \r\n                \r\n                \r\n        \r\n\r\n\r\n\r\n\r\n\r\n    \t\t\t\t<\/div>\n\t\t\t\t<\/div>\n\t\t\t\t<\/div>\n\t\t<div class=\"elementor-element elementor-element-ed9f538 e-con-full e-flex e-con e-child\" data-id=\"ed9f538\" data-element_type=\"container\" data-e-type=\"container\">\n\t\t\t\t<div class=\"elementor-element elementor-element-38bbf3a elementor-widget elementor-widget-team-noxiy\" data-id=\"38bbf3a\" data-element_type=\"widget\" data-e-type=\"widget\" data-widget_type=\"team-noxiy.default\">\n\t\t\t\t<div class=\"elementor-widget-container\">\n\t\t\t\t\t        \r\n        \r\n\t\t\t<div class=\"team__two-item\">\r\n\t\t\t\t<div class=\"team__two-item-image\">\r\n                    <img decoding=\"async\" src=\"https:\/\/trenkehue.com.ar\/wp-content\/uploads\/2024\/12\/WhatsApp-Image-2024-12-16-at-14.33.11.jpeg\" alt=\"No alt text\" \/>\t\t\t\t\t<div class=\"team__two-item-image-icon\">\r\n                                            <\/div>\r\n\t\t\t\t<\/div>\r\n\t\t\t\t<div class=\"team__two-item-content\">\r\n\t\t\t\t\t<span>Profesora en Letras (UBA), Consultora de Tarot, Astr\u00f3loga, Escritora, Traductora, Investigadora en Tarot y Mitolog\u00eda.  <\/span>\r\n\t\t\t\t\t                        <h4><a href=\"\/amelia-clover\">Luciana Mara Mart\u00edn<\/a><\/h4>\r\n                    \t\r\n\t\t\t\t<\/div>\r\n\t\t\t<\/div>\r\n\r\n        \r\n        \r\n                \r\n                \r\n        \r\n\r\n\r\n\r\n\r\n\r\n    \t\t\t\t<\/div>\n\t\t\t\t<\/div>\n\t\t\t\t<\/div>\n\t\t\t\t\t<\/div>\n\t\t\t\t<\/div>\n\t\t<div class=\"elementor-element elementor-element-0c1fa70 e-flex e-con-boxed e-con e-parent\" data-id=\"0c1fa70\" data-element_type=\"container\" data-e-type=\"container\">\n\t\t\t\t\t<div class=\"e-con-inner\">\n\t\t<div class=\"elementor-element elementor-element-5d499cb e-con-full e-flex e-con e-child\" data-id=\"5d499cb\" data-element_type=\"container\" data-e-type=\"container\">\n\t\t\t\t<div class=\"elementor-element elementor-element-545b72b elementor-widget elementor-widget-team-noxiy\" data-id=\"545b72b\" data-element_type=\"widget\" data-e-type=\"widget\" data-widget_type=\"team-noxiy.default\">\n\t\t\t\t<div class=\"elementor-widget-container\">\n\t\t\t\t\t        \r\n        \r\n\t\t\t<div class=\"team__two-item\">\r\n\t\t\t\t<div class=\"team__two-item-image\">\r\n                    <img decoding=\"async\" src=\"https:\/\/trenkehue.com.ar\/wp-content\/uploads\/2024\/11\/orquin.webp\" alt=\"No alt text\" \/>\t\t\t\t\t<div class=\"team__two-item-image-icon\">\r\n                                            <\/div>\r\n\t\t\t\t<\/div>\r\n\t\t\t\t<div class=\"team__two-item-content\">\r\n\t\t\t\t\t<span>Astr\u00f3loga, Maestra de Reiki, Terapeuta floral<\/span>\r\n\t\t\t\t\t                        <h4><a href=\"\/steve-rhodes\">Jacqueline Orqu\u00edn<\/a><\/h4>\r\n                    \t\r\n\t\t\t\t<\/div>\r\n\t\t\t<\/div>\r\n\r\n        \r\n        \r\n                \r\n                \r\n        \r\n\r\n\r\n\r\n\r\n\r\n    \t\t\t\t<\/div>\n\t\t\t\t<\/div>\n\t\t\t\t<\/div>\n\t\t<div class=\"elementor-element elementor-element-29a64c0 e-con-full e-flex e-con e-child\" data-id=\"29a64c0\" data-element_type=\"container\" data-e-type=\"container\">\n\t\t\t\t<div class=\"elementor-element elementor-element-aefc08b elementor-widget elementor-widget-team-noxiy\" data-id=\"aefc08b\" data-element_type=\"widget\" data-e-type=\"widget\" data-widget_type=\"team-noxiy.default\">\n\t\t\t\t<div class=\"elementor-widget-container\">\n\t\t\t\t\t        \r\n        \r\n\t\t\t<div class=\"team__two-item\">\r\n\t\t\t\t<div class=\"team__two-item-image\">\r\n                    <img decoding=\"async\" src=\"https:\/\/trenkehue.com.ar\/wp-content\/uploads\/2024\/12\/WhatsApp-Image-2024-12-16-at-14.33.10.jpeg\" alt=\"No alt text\" \/>\t\t\t\t\t<div class=\"team__two-item-image-icon\">\r\n                                            <\/div>\r\n\t\t\t\t<\/div>\r\n\t\t\t\t<div class=\"team__two-item-content\">\r\n\t\t\t\t\t<span>Locutor nacional (I.S.E.R.), Lic. en Comunicaci\u00f3n audiovisual<\/span>\r\n\t\t\t\t\t                        <h4><a href=\"\/steve-rhodes\">Ovidio Bosia<\/a><\/h4>\r\n                    \t\r\n\t\t\t\t<\/div>\r\n\t\t\t<\/div>\r\n\r\n        \r\n        \r\n                \r\n                \r\n        \r\n\r\n\r\n\r\n\r\n\r\n    \t\t\t\t<\/div>\n\t\t\t\t<\/div>\n\t\t\t\t<\/div>\n\t\t\t\t\t<\/div>\n\t\t\t\t<\/div>\n\t\t\t\t<\/div>\n\t\t","protected":false},"excerpt":{"rendered":"<p>Nuestro Equipo Profesor de Filosof\u00eda (UBA), Astr\u00f3logo, Ensayista, Investigador en Astrolog\u00eda y Mitolog\u00eda. Jorge Emilio Bosia Profesora en Letras (UBA), Consultora de Tarot, Astr\u00f3loga, Escritora, Traductora, Investigadora en Tarot y Mitolog\u00eda. Luciana Mara Mart\u00edn Astr\u00f3loga, Maestra de Reiki, Terapeuta floral Jacqueline Orqu\u00edn Locutor nacional (I.S.E.R.), Lic. en Comunicaci\u00f3n audiovisual Ovidio Bosia<\/p>\n","protected":false},"author":1,"featured_media":0,"parent":0,"menu_order":0,"comment_status":"closed","ping_status":"closed","template":"elementor_header_footer","meta":{"_joinchat":[],"footnotes":""},"class_list":["post-14","page","type-page","status-publish","hentry"],"_links":{"self":[{"href":"https:\/\/trenkehue.com.ar\/index.php\/wp-json\/wp\/v2\/pages\/14","targetHints":{"allow":["GET"]}}],"collection":[{"href":"https:\/\/trenkehue.com.ar\/index.php\/wp-json\/wp\/v2\/pages"}],"about":[{"href":"https:\/\/trenkehue.com.ar\/index.php\/wp-json\/wp\/v2\/types\/page"}],"author":[{"embeddable":true,"href":"https:\/\/trenkehue.com.ar\/index.php\/wp-json\/wp\/v2\/users\/1"}],"replies":[{"embeddable":true,"href":"https:\/\/trenkehue.com.ar\/index.php\/wp-json\/wp\/v2\/comments?post=14"}],"version-history":[{"count":16,"href":"https:\/\/trenkehue.com.ar\/index.php\/wp-json\/wp\/v2\/pages\/14\/revisions"}],"predecessor-version":[{"id":439,"href":"https:\/\/trenkehue.com.ar\/index.php\/wp-json\/wp\/v2\/pages\/14\/revisions\/439"}],"wp:attachment":[{"href":"https:\/\/trenkehue.com.ar\/index.php\/wp-json\/wp\/v2\/media?parent=14"}],"curies":[{"name":"wp","href":"https:\/\/api.w.org\/{rel}","templated":true}]}}